{"id":15,"date":"2026-03-24T12:13:31","date_gmt":"2026-03-24T12:13:31","guid":{"rendered":"https:\/\/nivela.edu.pe\/inicial\/?page_id=15"},"modified":"2026-04-16T15:33:27","modified_gmt":"2026-04-16T15:33:27","slug":"cronograma","status":"publish","type":"page","link":"https:\/\/nivela.edu.pe\/inicial\/cronograma\/","title":{"rendered":""},"content":{"rendered":"\n<p class=\"has-text-align-center\"><strong>NIVEL A PRESCHOOL<br>CRONOGRAMA DE ACTIVIDADES ACAD\u00c9MICAS <\/strong><br><strong>PARA EL A\u00d1O 2026<\/strong><\/p>\n\n\n\n<figure class=\"wp-block-table is-style-stripes\"><table class=\"has-fixed-layout\"><thead><tr><th><\/th><th><\/th><\/tr><\/thead><tbody><tr><td><\/td><td><\/td><\/tr><tr><td>ENTREGA DE \u00daTILES<\/td><td>MARTES 03 DE MARZO<\/td><\/tr><tr><td>INICIO DE CLASES<\/td><td>2 A\u00d1OS Y 3 A\u00d1OS : <strong>JUEVES 05 DE MARZO <\/strong><br>PRE KINDER Y KINDER : <strong>VIERNES 06 DE MARZO<\/strong><\/td><\/tr><tr><td><strong>PRIMER BIMESTRE<\/strong><\/td><td>DEL 05 DE MARZO AL 08 DE MAYO<\/td><\/tr><tr><td>VACACIONES<\/td><td>DEL 09 AL 18 DE MAYO<\/td><\/tr><tr><td>ENTREGA DE INFORMES I &#8211; PPFF<\/td><td>LUNES 18 DE MAYO<\/td><\/tr><tr><td><strong>SEGUNDO BIMESTRE<\/strong><\/td><td>DEL 19 DE MAYO AL 22 DE JULIO<\/td><\/tr><tr><td>ENTREGA DE INFORMES II &#8211; PPFF<\/td><td>LUNES 27 DE JULIO<\/td><\/tr><tr><td>VACACIONES<\/td><td>DEL 23 DE JULIO AL 09 DE AGOSTO<\/td><\/tr><tr><td><strong>TERCER BIMESTRE<\/strong><\/td><td>DEL 10 DE AGOSTO AL 09 DE OCTUBRE<\/td><\/tr><tr><td>VACACIONES<\/td><td>DEL 10 AL 19 DE OCTUBRE<\/td><\/tr><tr><td>ENTREGA DE INFORMES III &#8211; PPFF<\/td><td>LUNES 19 DE OCTUBRE<\/td><\/tr><tr><td><strong>CUARTO BIMESTRE<\/strong><\/td><td>DEL 20 DE OCTUBRE AL 17 DE DICIEMBRE<\/td><\/tr><tr><td>CLAUSURA<\/td><td>MARTES 15 DE DICIEMBRE<\/td><\/tr><tr><td>VACACIONES DE FIN DE A\u00d1O<\/td><td>VIERNES 18 DE DICIEMBRE<\/td><\/tr><tr><td>GRADUACI\u00d3N KINDER<br><br>ENTREGA DE INFORMES IV &#8211; PPFF<\/td><td>MIERCOLES 16 DE DICIEMBRE<br><br>VIERNES 18 DE DICIEMBRE<\/td><\/tr><\/tbody><\/table><\/figure>\n\n\n\n<p><strong>FERIADOS OFICIALES:<\/strong><\/p>\n\n\n\n<figure class=\"wp-block-table\"><table><tbody><tr><td>JUEVES 2 Y VIERNES 03 DE ABRIL<\/td><td>JUEVES Y VIERNES SANTO<\/td><\/tr><tr><td>VIERNES 01 DE MAYO <\/td><td>D\u00cdA DEL TRABAJO <\/td><\/tr><tr><td>LUNES 29 DE JUNIO<\/td><td>SAN PEDRO Y SAN PABLO<\/td><\/tr><tr><td>MI\u00c9RCOLES 06 DE AGOSTO<\/td><td>BATALLA DE JUN\u00cdN<\/td><\/tr><tr><td>MARTES 08 DE DICIEMBRE<\/td><td>INMACULADA CONCEPCI\u00d3N<\/td><\/tr><tr><td>MIERCOLES 09 DE DICIEMBRE   <\/td><td> BATALLA DE AYACUCHO<\/td><\/tr><\/tbody><\/table><\/figure>\n\n\n\n<p><\/p>\n","protected":false},"excerpt":{"rendered":"<p>NIVEL A PRESCHOOLCRONOGRAMA DE ACTIVIDADES ACAD\u00c9MICAS PARA EL A\u00d1O 2026 ENTREGA DE \u00daTILES MARTES 03 DE MARZO INICIO DE CLASES [&hellip;]<\/p>\n","protected":false},"author":1,"featured_media":0,"parent":0,"menu_order":0,"comment_status":"closed","ping_status":"closed","template":"","meta":{"_uag_custom_page_level_css":"","site-sidebar-layout":"default","site-content-layout":"","ast-site-content-layout":"default","site-content-style":"default","site-sidebar-style":"default","ast-global-header-display":"","ast-banner-title-visibility":"","ast-main-header-display":"","ast-hfb-above-header-display":"","ast-hfb-below-header-display":"","ast-hfb-mobile-header-display":"","site-post-title":"","ast-breadcrumbs-content":"","ast-featured-img":"","footer-sml-layout":"","ast-disable-related-posts":"","theme-transparent-header-meta":"","adv-header-id-meta":"","stick-header-meta":"","header-above-stick-meta":"","header-main-stick-meta":"","header-below-stick-meta":"","astra-migrate-meta-layouts":"default","ast-page-background-enabled":"default","ast-page-background-meta":{"desktop":{"background-color":"var(--ast-global-color-5)","background-image":"","background-repeat":"repeat","background-position":"center center","background-size":"auto","background-attachment":"scroll","background-type":"","background-media":"","overlay-type":"","overlay-color":"","overlay-opacity":"","overlay-gradient":""},"tablet":{"background-color":"","background-image":"","background-repeat":"repeat","background-position":"center center","background-size":"auto","background-attachment":"scroll","background-type":"","background-media":"","overlay-type":"","overlay-color":"","overlay-opacity":"","overlay-gradient":""},"mobile":{"background-color":"","background-image":"","background-repeat":"repeat","background-position":"center center","background-size":"auto","background-attachment":"scroll","background-type":"","background-media":"","overlay-type":"","overlay-color":"","overlay-opacity":"","overlay-gradient":""}},"ast-content-background-meta":{"desktop":{"background-color":"var(--ast-global-color-4)","background-image":"","background-repeat":"repeat","background-position":"center center","background-size":"auto","background-attachment":"scroll","background-type":"","background-media":"","overlay-type":"","overlay-color":"","overlay-opacity":"","overlay-gradient":""},"tablet":{"background-color":"var(--ast-global-color-4)","background-image":"","background-repeat":"repeat","background-position":"center center","background-size":"auto","background-attachment":"scroll","background-type":"","background-media":"","overlay-type":"","overlay-color":"","overlay-opacity":"","overlay-gradient":""},"mobile":{"background-color":"var(--ast-global-color-4)","background-image":"","background-repeat":"repeat","background-position":"center center","background-size":"auto","background-attachment":"scroll","background-type":"","background-media":"","overlay-type":"","overlay-color":"","overlay-opacity":"","overlay-gradient":""}},"footnotes":""},"class_list":["post-15","page","type-page","status-publish","hentry"],"uagb_featured_image_src":{"full":false,"thumbnail":false,"medium":false,"medium_large":false,"large":false,"1536x1536":false,"2048x2048":false},"uagb_author_info":{"display_name":"ayudaweb","author_link":"https:\/\/nivela.edu.pe\/inicial\/author\/ayudaweb\/"},"uagb_comment_info":0,"uagb_excerpt":"NIVEL A PRESCHOOLCRONOGRAMA DE ACTIVIDADES ACAD\u00c9MICAS PARA EL A\u00d1O 2026 ENTREGA DE \u00daTILES MARTES 03 DE MARZO INICIO DE CLASES [&hellip;]","_links":{"self":[{"href":"https:\/\/nivela.edu.pe\/inicial\/wp-json\/wp\/v2\/pages\/15","targetHints":{"allow":["GET"]}}],"collection":[{"href":"https:\/\/nivela.edu.pe\/inicial\/wp-json\/wp\/v2\/pages"}],"about":[{"href":"https:\/\/nivela.edu.pe\/inicial\/wp-json\/wp\/v2\/types\/page"}],"author":[{"embeddable":true,"href":"https:\/\/nivela.edu.pe\/inicial\/wp-json\/wp\/v2\/users\/1"}],"replies":[{"embeddable":true,"href":"https:\/\/nivela.edu.pe\/inicial\/wp-json\/wp\/v2\/comments?post=15"}],"version-history":[{"count":5,"href":"https:\/\/nivela.edu.pe\/inicial\/wp-json\/wp\/v2\/pages\/15\/revisions"}],"predecessor-version":[{"id":84,"href":"https:\/\/nivela.edu.pe\/inicial\/wp-json\/wp\/v2\/pages\/15\/revisions\/84"}],"wp:attachment":[{"href":"https:\/\/nivela.edu.pe\/inicial\/wp-json\/wp\/v2\/media?parent=15"}],"curies":[{"name":"wp","href":"https:\/\/api.w.org\/{rel}","templated":true}]}}