{"id":13,"date":"2026-03-24T12:13:20","date_gmt":"2026-03-24T12:13:20","guid":{"rendered":"https:\/\/nivela.edu.pe\/inicial\/?page_id=13"},"modified":"2026-04-20T18:39:16","modified_gmt":"2026-04-20T18:39:16","slug":"admision","status":"publish","type":"page","link":"https:\/\/nivela.edu.pe\/inicial\/admision\/","title":{"rendered":"admisi\u00f3n"},"content":{"rendered":"\n<div class=\"wp-block-uagb-container uagb-block-ab28dc6a alignfull uagb-is-root-container\"><div class=\"uagb-container-inner-blocks-wrap\">\n<div class=\"wp-block-uagb-info-box uagb-block-eace458a uagb-infobox__content-wrap  uagb-infobox-icon-above-title uagb-infobox-image-valign-top\"><div class=\"uagb-ifb-content\"><div class=\"uagb-ifb-image-content\"><img decoding=\"async\" src=\"https:\/\/nivela.edu.pe\/inicial\/wp-content\/uploads\/2026\/03\/cropped-NIVEL-A-LOGOS-APROBADOS-SIN-PUNTO_Mesa-de-trabajo-1-copia-8-e1774546730463-300x100.png\" alt=\"\" width=\"120\" height=\"40\" loading=\"lazy\"\/><\/div><div class=\"uagb-ifb-title-wrap\"><h1 class=\"uagb-ifb-title\">ADMISI\u00d3N 2027<\/h1><\/div><p class=\"uagb-ifb-desc\">Te invitamos a formar parte de nuestra familia educativa. Conoce los requisitos, fechas y pasos a seguir para la postulaci\u00f3n e ingreso.<\/p><\/div><\/div>\n\n\n\n<div class=\"wp-block-uagb-buttons uagb-buttons__outer-wrap uagb-btn__default-btn uagb-btn-tablet__default-btn uagb-btn-mobile__default-btn uagb-block-84355da2\"><div class=\"uagb-buttons__wrap uagb-buttons-layout-wrap \">\n<div class=\"wp-block-uagb-buttons-child uagb-buttons__outer-wrap uagb-block-ad9c9e5c wp-block-button\"><div class=\"uagb-button__wrapper\"><a class=\"uagb-buttons-repeater wp-block-button__link\" aria-label=\"\" href=\"#\" rel=\"follow noopener\" target=\"_self\" role=\"button\"><div class=\"uagb-button__link\">Matr\u00edcula 2027<\/div><\/a><\/div><\/div>\n\n\n\n<div class=\"wp-block-uagb-buttons-child uagb-buttons__outer-wrap uagb-block-b42c2f00 wp-block-button\"><div class=\"uagb-button__wrapper\"><a class=\"uagb-buttons-repeater wp-block-button__link\" aria-label=\"\" href=\"#\" rel=\"follow noopener\" target=\"_self\" role=\"button\"><div class=\"uagb-button__link\">Cronograma 2027<\/div><\/a><\/div><\/div>\n<\/div><\/div>\n<\/div><\/div>\n\n\n\n<div class=\"wp-block-uagb-container uagb-block-8udskrzw alignfull uagb-is-root-container\"><div class=\"uagb-container-inner-blocks-wrap\">\n<div class=\"wp-block-uagb-info-box uagb-block-penwpni1 uagb-infobox__content-wrap  uagb-infobox-icon-above-title uagb-infobox-image-valign-top wp-block-uagb-info-box--has-margin\"><div class=\"uagb-infobox-margin-wrapper\"><div class=\"uagb-ifb-content\"><div class=\"uagb-ifb-title-wrap\"><h2 class=\"uagb-ifb-title\">Requisitos de Postulaci\u00f3n<\/h2><\/div><\/div><\/div><\/div>\n\n\n\n<div class=\"wp-block-uagb-container uagb-block-egdcrkqs\">\n<div class=\"wp-block-uagb-info-box uagb-block-npxrbf7e uagb-infobox__content-wrap  uagb-infobox-icon-above-title uagb-infobox-image-valign-top wp-block-uagb-info-box--has-margin\"><div class=\"uagb-infobox-margin-wrapper\"><div class=\"uagb-ifb-content\"><div class=\"uagb-ifb-icon-wrap\"><div class=\"uagb-iconbox-icon-wrap uagb-infobox-shape-circle\"><svg xmlns=\"https:\/\/www.w3.org\/2000\/svg\" viewBox=\"0 0 640 512\"><path d=\"M280 40C280 17.91 297.9 0 320 0C342.1 0 360 17.91 360 40C360 62.09 342.1 80 320 80C297.9 80 280 62.09 280 40zM375.8 253C377.5 266.2 368.1 278.2 354.1 279.8C341.8 281.5 329.8 272.1 328.2 258.1L323.8 223.1H316.2L311.8 258.1C310.2 272.1 298.2 281.5 285 279.8C271.9 278.2 262.5 266.2 264.2 253L275.3 164.3L255.5 180.1C245.4 189.6 230.2 188.3 221.7 178.2C213.1 168 214.4 152.9 224.5 144.3L266 109.2C276.1 100.7 288.9 96 302.2 96H337.8C351.1 96 363.9 100.7 373.1 109.2L415.5 144.3C425.6 152.9 426.9 168 418.3 178.2C409.8 188.3 394.6 189.6 384.5 180.1L364.7 164.3L375.8 253zM80 258.7L140.3 339C149.7 351.6 167.7 353.8 179.9 343.8C190.4 335.1 193.1 319.1 186 308.3L164.6 272.5C155.9 258 159.9 239.3 173.7 229.7C187.6 220.1 206.5 222.9 216.1 236L263.5 294.1C279.3 313.1 288 338.6 288 364.1V480C288 497.7 273.7 512 256 512H160C150.3 512 141.1 507.6 135 499.1L14.02 348.8C4.946 337.4 0 323.3 0 308.8V103.1C0 81.91 17.91 63.1 40 63.1C62.09 63.1 80 81.91 80 103.1V258.7zM640 104V308.8C640 323.3 635.1 337.4 625.1 348.8L504.1 499.1C498.9 507.6 489.7 512 480 512H384C366.3 512 352 497.7 352 480V364.1C352 338.6 360.7 313.1 376.5 294.1L423 236C433.5 222.9 452.4 220.1 466.3 229.7C480.1 239.3 484.1 258 475.4 272.5L453.1 308.3C446.9 319.1 449.6 335.1 460.2 343.8C472.3 353.8 490.3 351.6 499.7 339L560 258.7V104C560 81.91 577.9 64 600 64C622.1 64 640 81.91 640 104V104z\"><\/path><\/svg><\/div><\/div><div class=\"uagb-ifb-title-wrap\"><h3 class=\"uagb-ifb-title\">Pre \u2013 Kinder<\/h3><\/div><p class=\"uagb-ifb-desc\">El ni\u00f1o deber\u00e1 cumplir los\u00a0<strong>4 a\u00f1os<\/strong>\u00a0hasta el 31 de marzo de 2027.<\/p><\/div><\/div><\/div>\n\n\n\n<div class=\"wp-block-uagb-info-box uagb-block-6wuowwz6 uagb-infobox__content-wrap  uagb-infobox-icon-above-title uagb-infobox-image-valign-top wp-block-uagb-info-box--has-margin\"><div class=\"uagb-infobox-margin-wrapper\"><div class=\"uagb-ifb-content\"><div class=\"uagb-ifb-icon-wrap\"><div class=\"uagb-iconbox-icon-wrap uagb-infobox-shape-circle\"><svg xmlns=\"https:\/\/www.w3.org\/2000\/svg\" viewBox=\"0 0 320 512\"><path d=\"M224 64C224 99.35 195.3 128 160 128C124.7 128 96 99.35 96 64C96 28.65 124.7 0 160 0C195.3 0 224 28.65 224 64zM144 384V480C144 497.7 129.7 512 112 512C94.33 512 80.01 497.7 80.01 480V287.8L59.09 321C49.67 336 29.92 340.5 14.96 331.1C.0016 321.7-4.491 301.9 4.924 286.1L44.79 223.6C69.72 184 113.2 160 160 160C206.8 160 250.3 184 275.2 223.6L315.1 286.1C324.5 301.9 320 321.7 305.1 331.1C290.1 340.5 270.3 336 260.9 321L240 287.8V480C240 497.7 225.7 512 208 512C190.3 512 176 497.7 176 480V384L144 384z\"><\/path><\/svg><\/div><\/div><div class=\"uagb-ifb-title-wrap\"><h3 class=\"uagb-ifb-title\">Kinder<\/h3><\/div><p class=\"uagb-ifb-desc\">El ni\u00f1o deber\u00e1 cumplir los\u00a0<strong>5 a\u00f1os<\/strong>\u00a0hasta el 31 de marzo de 2027.<\/p><\/div><\/div><\/div>\n\n\n\n<div class=\"wp-block-uagb-info-box uagb-block-dvmdmaip uagb-infobox__content-wrap  uagb-infobox-icon-above-title uagb-infobox-image-valign-top wp-block-uagb-info-box--has-margin\"><div class=\"uagb-infobox-margin-wrapper\"><div class=\"uagb-ifb-content\"><div class=\"uagb-ifb-icon-wrap\"><div class=\"uagb-iconbox-icon-wrap uagb-infobox-shape-circle\"><svg xmlns=\"https:\/\/www.w3.org\/2000\/svg\" viewBox=\"0 0 640 512\"><path d=\"M320 128C328.8 128 336 135.2 336 144V160H352C360.8 160 368 167.2 368 176C368 184.8 360.8 192 352 192H320C311.2 192 304 184.8 304 176V144C304 135.2 311.2 128 320 128zM476.8 98.06L602.4 125.1C624.4 130.9 640 150.3 640 172.8V464C640 490.5 618.5 512 592 512H48C21.49 512 0 490.5 0 464V172.8C0 150.3 15.63 130.9 37.59 125.1L163.2 98.06L302.2 5.374C312.1-1.791 327-1.791 337.8 5.374L476.8 98.06zM256 512H384V416C384 380.7 355.3 352 320 352C284.7 352 256 380.7 256 416V512zM96 192C87.16 192 80 199.2 80 208V272C80 280.8 87.16 288 96 288H128C136.8 288 144 280.8 144 272V208C144 199.2 136.8 192 128 192H96zM496 272C496 280.8 503.2 288 512 288H544C552.8 288 560 280.8 560 272V208C560 199.2 552.8 192 544 192H512C503.2 192 496 199.2 496 208V272zM96 320C87.16 320 80 327.2 80 336V400C80 408.8 87.16 416 96 416H128C136.8 416 144 408.8 144 400V336C144 327.2 136.8 320 128 320H96zM496 400C496 408.8 503.2 416 512 416H544C552.8 416 560 408.8 560 400V336C560 327.2 552.8 320 544 320H512C503.2 320 496 327.2 496 336V400zM320 88C271.4 88 232 127.4 232 176C232 224.6 271.4 264 320 264C368.6 264 408 224.6 408 176C408 127.4 368.6 88 320 88z\"><\/path><\/svg><\/div><\/div><div class=\"uagb-ifb-title-wrap\"><h3 class=\"uagb-ifb-title\">Primer Grado<\/h3><\/div><p class=\"uagb-ifb-desc\">El ni\u00f1o deber\u00e1 cumplir los\u00a0<strong>6 a\u00f1os<\/strong>\u00a0hasta el 31 de marzo de 2027.<\/p><\/div><\/div><\/div>\n<\/div>\n\n\n\n<div class=\"wp-block-uagb-container uagb-block-98982ca4\">\n<div class=\"wp-block-uagb-info-box uagb-block-536b9a12 uagb-infobox__content-wrap  uagb-infobox-icon-above-title uagb-infobox-image-valign-top wp-block-uagb-info-box--has-margin\"><div class=\"uagb-infobox-margin-wrapper\"><div class=\"uagb-ifb-content\"><div class=\"uagb-ifb-title-wrap\"><\/div><p class=\"uagb-ifb-desc\"><strong>*Para otros grados de primaria:<\/strong>&nbsp;Se deber\u00e1 llenar una ficha en secretar\u00eda y el alumno pasar\u00e1 por una evaluaci\u00f3n psicopedag\u00f3gica.<\/p><\/div><\/div><\/div>\n<\/div>\n<\/div><\/div>\n\n\n\n<p><\/p>\n","protected":false},"excerpt":{"rendered":"","protected":false},"author":1,"featured_media":0,"parent":0,"menu_order":0,"comment_status":"closed","ping_status":"closed","template":"","meta":{"_uag_custom_page_level_css":"","site-sidebar-layout":"default","site-content-layout":"","ast-site-content-layout":"default","site-content-style":"default","site-sidebar-style":"default","ast-global-header-display":"","ast-banner-title-visibility":"","ast-main-header-display":"","ast-hfb-above-header-display":"","ast-hfb-below-header-display":"","ast-hfb-mobile-header-display":"","site-post-title":"disabled","ast-breadcrumbs-content":"","ast-featured-img":"","footer-sml-layout":"","ast-disable-related-posts":"","theme-transparent-header-meta":"","adv-header-id-meta":"","stick-header-meta":"","header-above-stick-meta":"","header-main-stick-meta":"","header-below-stick-meta":"","astra-migrate-meta-layouts":"default","ast-page-background-enabled":"default","ast-page-background-meta":{"desktop":{"background-color":"var(--ast-global-color-5)","background-image":"","background-repeat":"repeat","background-position":"center center","background-size":"auto","background-attachment":"scroll","background-type":"","background-media":"","overlay-type":"","overlay-color":"","overlay-opacity":"","overlay-gradient":""},"tablet":{"background-color":"","background-image":"","background-repeat":"repeat","background-position":"center center","background-size":"auto","background-attachment":"scroll","background-type":"","background-media":"","overlay-type":"","overlay-color":"","overlay-opacity":"","overlay-gradient":""},"mobile":{"background-color":"","background-image":"","background-repeat":"repeat","background-position":"center center","background-size":"auto","background-attachment":"scroll","background-type":"","background-media":"","overlay-type":"","overlay-color":"","overlay-opacity":"","overlay-gradient":""}},"ast-content-background-meta":{"desktop":{"background-color":"var(--ast-global-color-4)","background-image":"","background-repeat":"repeat","background-position":"center center","background-size":"auto","background-attachment":"scroll","background-type":"","background-media":"","overlay-type":"","overlay-color":"","overlay-opacity":"","overlay-gradient":""},"tablet":{"background-color":"var(--ast-global-color-4)","background-image":"","background-repeat":"repeat","background-position":"center center","background-size":"auto","background-attachment":"scroll","background-type":"","background-media":"","overlay-type":"","overlay-color":"","overlay-opacity":"","overlay-gradient":""},"mobile":{"background-color":"var(--ast-global-color-4)","background-image":"","background-repeat":"repeat","background-position":"center center","background-size":"auto","background-attachment":"scroll","background-type":"","background-media":"","overlay-type":"","overlay-color":"","overlay-opacity":"","overlay-gradient":""}},"footnotes":""},"class_list":["post-13","page","type-page","status-publish","hentry"],"uagb_featured_image_src":{"full":false,"thumbnail":false,"medium":false,"medium_large":false,"large":false,"1536x1536":false,"2048x2048":false},"uagb_author_info":{"display_name":"ayudaweb","author_link":"https:\/\/nivela.edu.pe\/inicial\/author\/ayudaweb\/"},"uagb_comment_info":0,"uagb_excerpt":null,"_links":{"self":[{"href":"https:\/\/nivela.edu.pe\/inicial\/wp-json\/wp\/v2\/pages\/13","targetHints":{"allow":["GET"]}}],"collection":[{"href":"https:\/\/nivela.edu.pe\/inicial\/wp-json\/wp\/v2\/pages"}],"about":[{"href":"https:\/\/nivela.edu.pe\/inicial\/wp-json\/wp\/v2\/types\/page"}],"author":[{"embeddable":true,"href":"https:\/\/nivela.edu.pe\/inicial\/wp-json\/wp\/v2\/users\/1"}],"replies":[{"embeddable":true,"href":"https:\/\/nivela.edu.pe\/inicial\/wp-json\/wp\/v2\/comments?post=13"}],"version-history":[{"count":8,"href":"https:\/\/nivela.edu.pe\/inicial\/wp-json\/wp\/v2\/pages\/13\/revisions"}],"predecessor-version":[{"id":86,"href":"https:\/\/nivela.edu.pe\/inicial\/wp-json\/wp\/v2\/pages\/13\/revisions\/86"}],"wp:attachment":[{"href":"https:\/\/nivela.edu.pe\/inicial\/wp-json\/wp\/v2\/media?parent=13"}],"curies":[{"name":"wp","href":"https:\/\/api.w.org\/{rel}","templated":true}]}}