{"id":919,"date":"2025-04-13T12:44:25","date_gmt":"2025-04-13T12:44:25","guid":{"rendered":"https:\/\/nivela.edu.pe\/academia2\/?page_id=919"},"modified":"2025-04-13T12:53:45","modified_gmt":"2025-04-13T12:53:45","slug":"resultados","status":"publish","type":"page","link":"https:\/\/nivela.edu.pe\/academia2\/resultados\/","title":{"rendered":"Resultados"},"content":{"rendered":"\n<div class=\"wp-block-uagb-container uagb-block-4cb6607b alignfull uagb-is-root-container\"><div class=\"uagb-container-inner-blocks-wrap\">\n<div class=\"wp-block-uagb-advanced-heading uagb-block-c953f725\"><h1 class=\"uagb-heading-text\">Resultados<\/h1><\/div>\n<\/div><\/div>\n\n\n\n<div class=\"wp-block-uagb-container uagb-block-c23edb64 alignfull uagb-is-root-container\"><div class=\"uagb-container-inner-blocks-wrap\">\n<div class=\"wp-block-uagb-advanced-heading uagb-block-0f0e2222\"><h4 class=\"uagb-heading-text\">Revisa aqu\u00ed los resultados de los ex\u00e1menes de admisi\u00f3n<\/h4><\/div>\n\n\n\n<p style=\"padding-right:10px;padding-left:10px\">Aqu\u00ed encontrar\u00e1s todos los <strong>resultados de los ex\u00e1menes de admisi\u00f3n<\/strong>. Esta secci\u00f3n est\u00e1 pensada para que nuestros alumnos puedan revisar f\u00e1cilmente si ingresaron y compartir su logro con la familia y amigos.<\/p>\n\n\n\n\t\t\t<div class=\"wp-block-uagb-post-carousel uagb-post-grid  uagb-post__image-position-background uagb-post__image-enabled uagb-block-77e62643     uagb-post__arrow-outside uagb-post__items uagb-post__columns-3 is-carousel uagb-post__columns-tablet-2 uagb-post__columns-mobile-1 uagb-post__carousel_equal-height\" data-total=\"1\" style=\"\">\n\n\t\t\t\t\t\t\t\t\t\t\t\t<article class=\"uagb-post__inner-wrap\">\t\t\t\t\t\t\t\t<h4 class=\"uagb-post__title uagb-post__text\">\n\t\t\t\t<a href=\"https:\/\/nivela.edu.pe\/academia2\/posteo-de-resultados\/\" target=\"_self\" rel=\"bookmark noopener noreferrer\">Posteo de resultados<\/a>\n\t\t\t<\/h4>\n\t\t\t\t\t\t<div class='uagb-post__text uagb-post-grid-byline'>\n\t\t\t\t\t\t\t\t<time datetime=\"2025-04-13T12:45:29-05:00\" class=\"uagb-post__date\">\n\t\t\t\t<span class=\"dashicons-calendar dashicons\"><\/span>\t\t\t\t\tabril 13, 2025\t\t\t\t<\/time>\n\t\t\t\t\t\t<\/div>\n\t\t\t\t\t\t\t<div class='uagb-post__text uagb-post__excerpt'>\n\t\t\t\t\t<p>REsultados resultantes de las resoluciones<\/p>\n\t\t\t\t<\/div>\n\t\t\t\t\t\t<div class=\"uagb-post__text uagb-post__cta wp-block-button\">\n\t\t\t\t<a class=\"wp-block-button__link uagb-text-link\" style=\"\" href=\"https:\/\/nivela.edu.pe\/academia2\/posteo-de-resultados\/\" target=\"_self\" rel=\"bookmark noopener noreferrer\">Ver m\u00e1s<\/a>\n\t\t\t<\/div>\n\t\t\t\t\t\t<div class='uagb-post__image'>\n\t\t\t\t\t\t\t\t\t<a href=\"https:\/\/nivela.edu.pe\/academia2\/posteo-de-resultados\/\" target=\"_self\" rel=\"bookmark noopener noreferrer\"><img loading=\"lazy\" decoding=\"async\" width=\"300\" height=\"300\" src=\"https:\/\/nivela.edu.pe\/academia2\/wp-content\/uploads\/2021\/05\/school-template-curriculum-img-5.jpg\" class=\"attachment-medium size-medium\" alt=\"\" \/>\t\t\t\t\t<\/a>\n\t\t\t\t\t\t\t\t\t<\/div>\n\t\t\t\n\t\t\t\t\t\t\t\t<a class=\"uagb-post__link-complete-box\" href=\"https:\/\/nivela.edu.pe\/academia2\/posteo-de-resultados\/\" target=\"_self\" rel=\"bookmark noopener noreferrer\"><\/a>\n\t\t\t\t\t\t\t<\/article>\n\t\t\t\t\t\t\t\t\t\t\t<\/div>\n\t\t\t\n\n\n<p>Cada vez que se publica una lista oficial, la subimos aqu\u00ed con todos los detalles:<\/p>\n\n\n\n<ul class=\"wp-block-list\">\n<li>Universidad<\/li>\n\n\n\n<li>Fecha del examen<\/li>\n\n\n\n<li>Lista de ingresantes<\/li>\n\n\n\n<li>Observaciones y pr\u00f3ximos pasos<\/li>\n<\/ul>\n\n\n\n<p><strong>\u00a1Atentos!<\/strong> No olvides revisar esta secci\u00f3n despu\u00e9s de cada examen. Y si entraste, no dudes en contarnos\u2026 \u00a1Queremos celebrarlo contigo!<\/p>\n<\/div><\/div>\n","protected":false},"excerpt":{"rendered":"<p>Resultados Revisa aqu\u00ed los resultados de los ex\u00e1menes de admisi\u00f3n Aqu\u00ed encontrar\u00e1s todos los resultados de los ex\u00e1menes de admisi\u00f3n. Esta secci\u00f3n est\u00e1 pensada para que nuestros alumnos puedan revisar f\u00e1cilmente si ingresaron y compartir su logro con la familia y amigos. Cada vez que se publica una lista oficial, la subimos aqu\u00ed con todos [&hellip;]<\/p>\n","protected":false},"author":1,"featured_media":0,"parent":0,"menu_order":0,"comment_status":"closed","ping_status":"closed","template":"","meta":{"_uag_custom_page_level_css":"","site-sidebar-layout":"default","site-content-layout":"","ast-site-content-layout":"default","site-content-style":"unboxed","site-sidebar-style":"default","ast-global-header-display":"","ast-banner-title-visibility":"disabled","ast-main-header-display":"","ast-hfb-above-header-display":"","ast-hfb-below-header-display":"","ast-hfb-mobile-header-display":"","site-post-title":"","ast-breadcrumbs-content":"","ast-featured-img":"","footer-sml-layout":"","ast-disable-related-posts":"","theme-transparent-header-meta":"","adv-header-id-meta":"","stick-header-meta":"","header-above-stick-meta":"","header-main-stick-meta":"","header-below-stick-meta":"","astra-migrate-meta-layouts":"set","ast-page-background-enabled":"default","ast-page-background-meta":{"desktop":{"background-color":"var(--ast-global-color-4)","background-image":"","background-repeat":"repeat","background-position":"center center","background-size":"auto","background-attachment":"scroll","background-type":"","background-media":"","overlay-type":"","overlay-color":"","overlay-opacity":"","overlay-gradient":""},"tablet":{"background-color":"","background-image":"","background-repeat":"repeat","background-position":"center center","background-size":"auto","background-attachment":"scroll","background-type":"","background-media":"","overlay-type":"","overlay-color":"","overlay-opacity":"","overlay-gradient":""},"mobile":{"background-color":"","background-image":"","background-repeat":"repeat","background-position":"center center","background-size":"auto","background-attachment":"scroll","background-type":"","background-media":"","overlay-type":"","overlay-color":"","overlay-opacity":"","overlay-gradient":""}},"ast-content-background-meta":{"desktop":{"background-color":"var(--ast-global-color-5)","background-image":"","background-repeat":"repeat","background-position":"center center","background-size":"auto","background-attachment":"scroll","background-type":"","background-media":"","overlay-type":"","overlay-color":"","overlay-opacity":"","overlay-gradient":""},"tablet":{"background-color":"var(--ast-global-color-5)","background-image":"","background-repeat":"repeat","background-position":"center center","background-size":"auto","background-attachment":"scroll","background-type":"","background-media":"","overlay-type":"","overlay-color":"","overlay-opacity":"","overlay-gradient":""},"mobile":{"background-color":"var(--ast-global-color-5)","background-image":"","background-repeat":"repeat","background-position":"center center","background-size":"auto","background-attachment":"scroll","background-type":"","background-media":"","overlay-type":"","overlay-color":"","overlay-opacity":"","overlay-gradient":""}},"footnotes":""},"class_list":["post-919","page","type-page","status-publish","hentry"],"yoast_head":"<!-- This site is optimized with the Yoast SEO plugin v27.2 - https:\/\/yoast.com\/product\/yoast-seo-wordpress\/ -->\n<title>Resultados - Academia Pre-universitaria Nivel A<\/title>\n<meta name=\"robots\" content=\"index, follow, max-snippet:-1, max-image-preview:large, max-video-preview:-1\" \/>\n<link rel=\"canonical\" href=\"https:\/\/nivela.edu.pe\/academia2\/resultados\/\" \/>\n<meta property=\"og:locale\" content=\"es_ES\" \/>\n<meta property=\"og:type\" content=\"article\" \/>\n<meta property=\"og:title\" content=\"Resultados - Academia Pre-universitaria Nivel A\" \/>\n<meta property=\"og:description\" content=\"Resultados Revisa aqu\u00ed los resultados de los ex\u00e1menes de admisi\u00f3n Aqu\u00ed encontrar\u00e1s todos los resultados de los ex\u00e1menes de admisi\u00f3n. Esta secci\u00f3n est\u00e1 pensada para que nuestros alumnos puedan revisar f\u00e1cilmente si ingresaron y compartir su logro con la familia y amigos. Cada vez que se publica una lista oficial, la subimos aqu\u00ed con todos [&hellip;]\" \/>\n<meta property=\"og:url\" content=\"https:\/\/nivela.edu.pe\/academia2\/resultados\/\" \/>\n<meta property=\"og:site_name\" content=\"Academia Pre-universitaria Nivel A\" \/>\n<meta property=\"article:modified_time\" content=\"2025-04-13T12:53:45+00:00\" \/>\n<meta name=\"twitter:card\" content=\"summary_large_image\" \/>\n<meta name=\"twitter:label1\" content=\"Est. reading time\" \/>\n\t<meta name=\"twitter:data1\" content=\"1 minuto\" \/>\n<script type=\"application\/ld+json\" class=\"yoast-schema-graph\">{\"@context\":\"https:\/\/schema.org\",\"@graph\":[{\"@type\":\"WebPage\",\"@id\":\"https:\/\/nivela.edu.pe\/academia2\/resultados\/\",\"url\":\"https:\/\/nivela.edu.pe\/academia2\/resultados\/\",\"name\":\"Resultados - Academia Pre-universitaria Nivel A\",\"isPartOf\":{\"@id\":\"https:\/\/nivela.edu.pe\/academia\/#website\"},\"datePublished\":\"2025-04-13T12:44:25+00:00\",\"dateModified\":\"2025-04-13T12:53:45+00:00\",\"breadcrumb\":{\"@id\":\"https:\/\/nivela.edu.pe\/academia2\/resultados\/#breadcrumb\"},\"inLanguage\":\"es-PE\",\"potentialAction\":[{\"@type\":\"ReadAction\",\"target\":[\"https:\/\/nivela.edu.pe\/academia2\/resultados\/\"]}]},{\"@type\":\"BreadcrumbList\",\"@id\":\"https:\/\/nivela.edu.pe\/academia2\/resultados\/#breadcrumb\",\"itemListElement\":[{\"@type\":\"ListItem\",\"position\":1,\"name\":\"Home\",\"item\":\"https:\/\/nivela.edu.pe\/academia2\/\"},{\"@type\":\"ListItem\",\"position\":2,\"name\":\"Resultados\"}]},{\"@type\":\"WebSite\",\"@id\":\"https:\/\/nivela.edu.pe\/academia\/#website\",\"url\":\"https:\/\/nivela.edu.pe\/academia\/\",\"name\":\"Academia Pre-universitaria Nivel A\",\"description\":\"ayudando a estudiantes como t\u00fa a ingresar a las mejores universidades\",\"publisher\":{\"@id\":\"https:\/\/nivela.edu.pe\/academia\/#organization\"},\"potentialAction\":[{\"@type\":\"SearchAction\",\"target\":{\"@type\":\"EntryPoint\",\"urlTemplate\":\"https:\/\/nivela.edu.pe\/academia\/?s={search_term_string}\"},\"query-input\":{\"@type\":\"PropertyValueSpecification\",\"valueRequired\":true,\"valueName\":\"search_term_string\"}}],\"inLanguage\":\"es-PE\"},{\"@type\":\"Organization\",\"@id\":\"https:\/\/nivela.edu.pe\/academia\/#organization\",\"name\":\"Academia Pre-universitaria Nivel A\",\"url\":\"https:\/\/nivela.edu.pe\/academia\/\",\"logo\":{\"@type\":\"ImageObject\",\"inLanguage\":\"es-PE\",\"@id\":\"https:\/\/nivela.edu.pe\/academia\/#\/schema\/logo\/image\/\",\"url\":\"https:\/\/nivela.edu.pe\/academia2\/wp-content\/uploads\/2025\/04\/cropped-logo-academina-nivel-a-removebg-preview.webp\",\"contentUrl\":\"https:\/\/nivela.edu.pe\/academia2\/wp-content\/uploads\/2025\/04\/cropped-logo-academina-nivel-a-removebg-preview.webp\",\"width\":427,\"height\":124,\"caption\":\"Academia Pre-universitaria Nivel A\"},\"image\":{\"@id\":\"https:\/\/nivela.edu.pe\/academia\/#\/schema\/logo\/image\/\"}}]}<\/script>\n<!-- \/ Yoast SEO plugin. -->","yoast_head_json":{"title":"Resultados - Academia Pre-universitaria Nivel A","robots":{"index":"index","follow":"follow","max-snippet":"max-snippet:-1","max-image-preview":"max-image-preview:large","max-video-preview":"max-video-preview:-1"},"canonical":"https:\/\/nivela.edu.pe\/academia2\/resultados\/","og_locale":"es_ES","og_type":"article","og_title":"Resultados - Academia Pre-universitaria Nivel A","og_description":"Resultados Revisa aqu\u00ed los resultados de los ex\u00e1menes de admisi\u00f3n Aqu\u00ed encontrar\u00e1s todos los resultados de los ex\u00e1menes de admisi\u00f3n. Esta secci\u00f3n est\u00e1 pensada para que nuestros alumnos puedan revisar f\u00e1cilmente si ingresaron y compartir su logro con la familia y amigos. Cada vez que se publica una lista oficial, la subimos aqu\u00ed con todos [&hellip;]","og_url":"https:\/\/nivela.edu.pe\/academia2\/resultados\/","og_site_name":"Academia Pre-universitaria Nivel A","article_modified_time":"2025-04-13T12:53:45+00:00","twitter_card":"summary_large_image","twitter_misc":{"Est. reading time":"1 minuto"},"schema":{"@context":"https:\/\/schema.org","@graph":[{"@type":"WebPage","@id":"https:\/\/nivela.edu.pe\/academia2\/resultados\/","url":"https:\/\/nivela.edu.pe\/academia2\/resultados\/","name":"Resultados - Academia Pre-universitaria Nivel A","isPartOf":{"@id":"https:\/\/nivela.edu.pe\/academia\/#website"},"datePublished":"2025-04-13T12:44:25+00:00","dateModified":"2025-04-13T12:53:45+00:00","breadcrumb":{"@id":"https:\/\/nivela.edu.pe\/academia2\/resultados\/#breadcrumb"},"inLanguage":"es-PE","potentialAction":[{"@type":"ReadAction","target":["https:\/\/nivela.edu.pe\/academia2\/resultados\/"]}]},{"@type":"BreadcrumbList","@id":"https:\/\/nivela.edu.pe\/academia2\/resultados\/#breadcrumb","itemListElement":[{"@type":"ListItem","position":1,"name":"Home","item":"https:\/\/nivela.edu.pe\/academia2\/"},{"@type":"ListItem","position":2,"name":"Resultados"}]},{"@type":"WebSite","@id":"https:\/\/nivela.edu.pe\/academia\/#website","url":"https:\/\/nivela.edu.pe\/academia\/","name":"Academia Pre-universitaria Nivel A","description":"ayudando a estudiantes como t\u00fa a ingresar a las mejores universidades","publisher":{"@id":"https:\/\/nivela.edu.pe\/academia\/#organization"},"potentialAction":[{"@type":"SearchAction","target":{"@type":"EntryPoint","urlTemplate":"https:\/\/nivela.edu.pe\/academia\/?s={search_term_string}"},"query-input":{"@type":"PropertyValueSpecification","valueRequired":true,"valueName":"search_term_string"}}],"inLanguage":"es-PE"},{"@type":"Organization","@id":"https:\/\/nivela.edu.pe\/academia\/#organization","name":"Academia Pre-universitaria Nivel A","url":"https:\/\/nivela.edu.pe\/academia\/","logo":{"@type":"ImageObject","inLanguage":"es-PE","@id":"https:\/\/nivela.edu.pe\/academia\/#\/schema\/logo\/image\/","url":"https:\/\/nivela.edu.pe\/academia2\/wp-content\/uploads\/2025\/04\/cropped-logo-academina-nivel-a-removebg-preview.webp","contentUrl":"https:\/\/nivela.edu.pe\/academia2\/wp-content\/uploads\/2025\/04\/cropped-logo-academina-nivel-a-removebg-preview.webp","width":427,"height":124,"caption":"Academia Pre-universitaria Nivel A"},"image":{"@id":"https:\/\/nivela.edu.pe\/academia\/#\/schema\/logo\/image\/"}}]}},"uagb_featured_image_src":{"full":false,"thumbnail":false,"medium":false,"medium_large":false,"large":false,"1536x1536":false,"2048x2048":false},"uagb_author_info":{"display_name":"ayu.web","author_link":"https:\/\/nivela.edu.pe\/academia2\/author\/ayu-web\/"},"uagb_comment_info":0,"uagb_excerpt":"Resultados Revisa aqu\u00ed los resultados de los ex\u00e1menes de admisi\u00f3n Aqu\u00ed encontrar\u00e1s todos los resultados de los ex\u00e1menes de admisi\u00f3n. Esta secci\u00f3n est\u00e1 pensada para que nuestros alumnos puedan revisar f\u00e1cilmente si ingresaron y compartir su logro con la familia y amigos. Cada vez que se publica una lista oficial, la subimos aqu\u00ed con todos&hellip;","_links":{"self":[{"href":"https:\/\/nivela.edu.pe\/academia2\/wp-json\/wp\/v2\/pages\/919","targetHints":{"allow":["GET"]}}],"collection":[{"href":"https:\/\/nivela.edu.pe\/academia2\/wp-json\/wp\/v2\/pages"}],"about":[{"href":"https:\/\/nivela.edu.pe\/academia2\/wp-json\/wp\/v2\/types\/page"}],"author":[{"embeddable":true,"href":"https:\/\/nivela.edu.pe\/academia2\/wp-json\/wp\/v2\/users\/1"}],"replies":[{"embeddable":true,"href":"https:\/\/nivela.edu.pe\/academia2\/wp-json\/wp\/v2\/comments?post=919"}],"version-history":[{"count":5,"href":"https:\/\/nivela.edu.pe\/academia2\/wp-json\/wp\/v2\/pages\/919\/revisions"}],"predecessor-version":[{"id":944,"href":"https:\/\/nivela.edu.pe\/academia2\/wp-json\/wp\/v2\/pages\/919\/revisions\/944"}],"wp:attachment":[{"href":"https:\/\/nivela.edu.pe\/academia2\/wp-json\/wp\/v2\/media?parent=919"}],"curies":[{"name":"wp","href":"https:\/\/api.w.org\/{rel}","templated":true}]}}