{"id":108,"date":"2025-04-11T18:05:02","date_gmt":"2025-04-11T18:05:02","guid":{"rendered":"https:\/\/nivela.edu.pe\/academia2\/home\/"},"modified":"2025-06-11T10:14:15","modified_gmt":"2025-06-11T15:14:15","slug":"home","status":"publish","type":"page","link":"https:\/\/nivela.edu.pe\/academia2\/","title":{"rendered":"Inicio"},"content":{"rendered":"\n<div class=\"wp-block-uagb-container uagb-block-3a07fb41 alignfull uagb-is-root-container\"><div class=\"uagb-container-inner-blocks-wrap\">\n<div class=\"wp-block-uagb-info-box uagb-block-78054147 uagb-infobox__content-wrap  uagb-infobox-icon-above-title uagb-infobox-image-valign-top\"><div class=\"uagb-ifb-content\"><div class=\"uagb-ifb-separator\"><\/div><div class=\"uagb-ifb-title-wrap\"><h1 class=\"uagb-ifb-title\">\u00a1Inscr\u00edbete ya y prep\u00e1rate con los mejores!<\/h1><\/div><p class=\"uagb-ifb-desc\">\u00bfEst\u00e1s por terminar el cole o ya saliste y te est\u00e1s preparando para postular? En la <strong>Academia Nivel A<\/strong> sabemos lo que necesitas<\/p><div class=\"uagb-ifb-button-wrapper wp-block-button\"><a href=\"https:\/\/api.whatsapp.com\/send\/?phone=51998167907&amp;text=Buenos%20d%C3%ADas%2C%20quisiera%20informaci%C3%B3n%20de%20la%20academia%0A%0A&amp;type=phone_number&amp;app_absent=0\" class=\"uagb-infobox-cta-link wp-block-button__link\" target=\"_blank\" rel=\"noopener noreferrer\" onclick=\"return true;\"><span class=\"uagb-inline-editing\">Asegura tu ingreso<\/span><\/a><\/div><\/div><\/div>\n<\/div><\/div>\n\n\n\n<div class=\"wp-block-uagb-container uagb-block-d315b49f alignfull uagb-is-root-container\"><div class=\"uagb-container-inner-blocks-wrap\">\n<div class=\"wp-block-uagb-advanced-heading uagb-block-67c06a4f\"><h2 class=\"uagb-heading-text\">Nosotros<\/h2><\/div>\n\n\n\n<div class=\"wp-block-uagb-info-box uagb-block-1b9ee481 uagb-infobox__content-wrap  uagb-infobox-icon-above-title uagb-infobox-image-valign-top\"><div class=\"uagb-ifb-content\"><div class=\"uagb-ifb-title-wrap\"><\/div><div class=\"uagb-ifb-separator\"><\/div><\/div><\/div>\n\n\n\n<div class=\"wp-block-uagb-container uagb-block-ec9fa64b\">\n<div class=\"wp-block-uagb-advanced-heading uagb-block-876cfa84\"><p class=\"uagb-heading-text\"><strong>Entra a la U con la academia Nivel A.<\/strong> En la Academia te damos las herramientas, el apoyo y los profes que necesitas para romperla en el examen de admisi\u00f3n. No importa si reci\u00e9n acabas el cole o ya est\u00e1s en modo repaso, aqu\u00ed te preparamos para que cumplas tu meta y te sientas seguro desde el d\u00eda uno.<\/p><\/div>\n\n\n\n<div class=\"wp-block-uagb-advanced-heading uagb-block-6f458ff4\"><p class=\"uagb-heading-text\">Nuestro equipo est\u00e1 formado por profes supercapos en cada materia, que no solo ense\u00f1an bien, sino que te explican claro, con paciencia y con buena vibra. Adem\u00e1s, tenemos una metodolog\u00eda enfocada en los ex\u00e1menes reales, con pr\u00e1cticas constantes, simulacros, asesor\u00edas y mucho seguimiento.<\/p><\/div>\n<\/div>\n\n\n\n<div class=\"wp-block-uagb-separator uagb-block-831f33a4\"><div class=\"wp-block-uagb-separator__inner\" style=\"--my-background-image:\"><\/div><\/div>\n\n\n\n<div class=\"wp-block-uagb-container uagb-block-4e96fa92\">\n<div class=\"wp-block-uagb-advanced-heading uagb-block-54ac4686\"><h6 class=\"uagb-heading-text\">Nuestro n\u00fameros<\/h6><\/div>\n\n\n\n<div class=\"wp-block-uagb-container uagb-layout-grid uagb-block-9c5c0bf0\">\n<div class=\"wp-block-uagb-counter uagb-block-051faadc wp-block-uagb-counter--number\"><div class=\"wp-block-uagb-counter__number\"><span class=\"uagb-counter-block-number\" data-duration=\"2\" data-to-value=\"7\" data-from-value=\"0\" data-delimiter=\",\"><\/span><span class=\"uagb-counter-block-suffix\">K+<\/span><\/div><div class=\"wp-block-uagb-counter__title\">Estudiantes<\/div><\/div>\n\n\n\n<div class=\"wp-block-uagb-counter uagb-block-c41fef34 wp-block-uagb-counter--number\"><div class=\"wp-block-uagb-counter__number\"><span class=\"uagb-counter-block-number\" data-duration=\"2\" data-to-value=\"6\" data-from-value=\"0\" data-delimiter=\",\"><\/span><span class=\"uagb-counter-block-suffix\">k+<\/span><\/div><div class=\"wp-block-uagb-counter__title\">Ingresos<\/div><\/div>\n\n\n\n<div class=\"wp-block-uagb-counter uagb-block-43f938f0 wp-block-uagb-counter--number\"><div class=\"wp-block-uagb-counter__number\"><span class=\"uagb-counter-block-number\" data-duration=\"2\" data-to-value=\"80\" data-from-value=\"0\" data-delimiter=\",\"><\/span><span class=\"uagb-counter-block-suffix\">+<\/span><\/div><div class=\"wp-block-uagb-counter__title\">Cursos<\/div><\/div>\n\n\n\n<div class=\"wp-block-uagb-counter uagb-block-a92c0e67 wp-block-uagb-counter--number\"><div class=\"wp-block-uagb-counter__number\"><span class=\"uagb-counter-block-number\" data-duration=\"2\" data-to-value=\"30\" data-from-value=\"0\" data-delimiter=\",\"><\/span><span class=\"uagb-counter-block-suffix\">+<\/span><\/div><div class=\"wp-block-uagb-counter__title\">Profesores<\/div><\/div>\n<\/div>\n<\/div>\n<\/div><\/div>\n\n\n\n<div class=\"wp-block-uagb-container uagb-layout-grid uagb-block-boembgrx alignwide uagb-is-root-container\">\n<div class=\"wp-block-uagb-icon-list uagb-block-bc62775f\"><div class=\"uagb-icon-list__wrap\">\n<div class=\"wp-block-uagb-icon-list-child uagb-block-5581488e\"><span class=\"uagb-icon-list__source-wrap\"><svg xmlns=\"https:\/\/www.w3.org\/2000\/svg\" viewBox=\"0 0 512 512\"><path d=\"M256 512C114.6 512 0 397.4 0 256C0 114.6 114.6 0 256 0C397.4 0 512 114.6 512 256C512 397.4 397.4 512 256 512zM232 256C232 264 236 271.5 242.7 275.1L338.7 339.1C349.7 347.3 364.6 344.3 371.1 333.3C379.3 322.3 376.3 307.4 365.3 300L280 243.2V120C280 106.7 269.3 96 255.1 96C242.7 96 231.1 106.7 231.1 120L232 256z\"><\/path><\/svg><\/span><span class=\"uagb-icon-list__label\">Lunes a Viernes: 9:00AM a 1:15PM<\/span><\/div>\n\n\n\n<div class=\"wp-block-uagb-icon-list-child uagb-block-858283a3\"><span class=\"uagb-icon-list__source-wrap\"><svg xmlns=\"https:\/\/www.w3.org\/2000\/svg\" viewBox=\"0 0 576 512\"><path d=\"M144.3 32.04C106.9 31.29 63.7 41.44 18.6 61.29c-11.42 5.026-18.6 16.67-18.6 29.15l0 357.6c0 11.55 11.99 19.55 22.45 14.65c126.3-59.14 219.8 11 223.8 14.01C249.1 478.9 252.5 480 256 480c12.4 0 16-11.38 16-15.98V80.04c0-5.203-2.531-10.08-6.781-13.08C263.3 65.58 216.7 33.35 144.3 32.04zM557.4 61.29c-45.11-19.79-88.48-29.61-125.7-29.26c-72.44 1.312-118.1 33.55-120.9 34.92C306.5 69.96 304 74.83 304 80.04v383.1C304 468.4 307.5 480 320 480c3.484 0 6.938-1.125 9.781-3.328c3.925-3.018 97.44-73.16 223.8-14c10.46 4.896 22.45-3.105 22.45-14.65l.0001-357.6C575.1 77.97 568.8 66.31 557.4 61.29z\"><\/path><\/svg><\/span><span class=\"uagb-icon-list__label\">S\u00e1bados: Examen<\/span><\/div>\n<\/div><\/div>\n\n\n\n<div class=\"wp-block-buttons is-content-justification-right is-layout-flex wp-container-core-buttons-is-layout-d445cf74 wp-block-buttons-is-layout-flex\">\n<div class=\"wp-block-button\"><a href=\"https:\/\/wa.me\/51969423347?text=Vengo%20de%20la%20web%20de%20la%20academia%2C%20quisiera%20saber%20m%C3%A1s%20infomaci%C3%B3n%20de%20los%20horarios.\" class=\"wp-block-button__link has-ast-global-color-2-color has-text-color has-background has-link-color wp-element-button\" style=\"background-color:#24cc63\" target=\"_blank\" rel=\"noreferrer noopener\">M\u00e1s informaci\u00f3n<\/a><\/div>\n<\/div>\n<\/div>\n\n\n\n<div class=\"wp-block-uagb-container uagb-block-bf2e5c24 alignfull uagb-is-root-container\"><div class=\"uagb-container-inner-blocks-wrap\">\n<div class=\"wp-block-uagb-image uagb-block-b229830d wp-block-uagb-image--layout-default wp-block-uagb-image--effect-static wp-block-uagb-image--align-none\"><figure class=\"wp-block-uagb-image__figure\"><img decoding=\"async\" srcset=\"https:\/\/nivela.edu.pe\/academia2\/wp-content\/uploads\/2025\/04\/WhatsApp-Image-2025-03-31-at-12.43.26_23240f12-1024x682.webp ,https:\/\/nivela.edu.pe\/academia2\/wp-content\/uploads\/2025\/04\/WhatsApp-Image-2025-03-31-at-12.43.26_23240f12.webp 780w, https:\/\/nivela.edu.pe\/academia2\/wp-content\/uploads\/2025\/04\/WhatsApp-Image-2025-03-31-at-12.43.26_23240f12.webp 360w\" sizes=\"auto, (max-width: 480px) 150px\" src=\"https:\/\/nivela.edu.pe\/academia2\/wp-content\/uploads\/2025\/04\/WhatsApp-Image-2025-03-31-at-12.43.26_23240f12-1024x682.webp\" alt=\"El equipo de la academia pre-universitaria Nivel A\" class=\"uag-image-959\" width=\"1024\" height=\"682\" title=\"El equipo de la academia pre-universitaria Nivel A\" loading=\"lazy\" role=\"img\"\/><\/figure><\/div>\n<\/div><\/div>\n\n\n\n<div class=\"wp-block-uagb-container uagb-block-b11fe33a alignfull uagb-is-root-container\"><div class=\"uagb-container-inner-blocks-wrap\">\n<div class=\"wp-block-uagb-info-box uagb-block-bbd5f8f0 uagb-infobox__content-wrap  uagb-infobox-icon-above-title uagb-infobox-image-valign-top\"><div class=\"uagb-ifb-content\"><div class=\"uagb-ifb-icon-wrap\"><svg xmlns=\"https:\/\/www.w3.org\/2000\/svg\" viewBox=\"0 0 448 512\"><path d=\"M96 224C84.72 224 74.05 226.3 64 229.9V224c0-35.3 28.7-64 64-64c17.67 0 32-14.33 32-32S145.7 96 128 96C57.42 96 0 153.4 0 224v96c0 53.02 42.98 96 96 96s96-42.98 96-96S149 224 96 224zM352 224c-11.28 0-21.95 2.305-32 5.879V224c0-35.3 28.7-64 64-64c17.67 0 32-14.33 32-32s-14.33-32-32-32c-70.58 0-128 57.42-128 128v96c0 53.02 42.98 96 96 96s96-42.98 96-96S405 224 352 224z\"><\/path><\/svg><\/div><div class=\"uagb-ifb-title-wrap\"><p class=\"uagb-ifb-title-prefix\">El \u00e9xito es la suma de peque\u00f1os esfuerzos repetidos d\u00eda tras d\u00eda<\/p><h5 class=\"uagb-ifb-title\"><em>Robert Collier <\/em><\/h5><\/div><\/div><\/div>\n<\/div><\/div>\n\n\n\n<div class=\"wp-block-uagb-container uagb-block-fb6a0d84 alignfull uagb-is-root-container\"><div class=\"uagb-container-inner-blocks-wrap\">\n<div class=\"wp-block-uagb-container uagb-block-d6b51494 alignfull uagb-is-root-container\"><div class=\"uagb-container-inner-blocks-wrap\">\n<div class=\"wp-block-uagb-advanced-heading uagb-block-3c94a63a\"><div class=\"uagb-separator\"><\/div><h3 class=\"uagb-heading-text\">Deja tu correo para recibir nuestras novedades.<\/h3><\/div>\n\n\n\n<div class=\"wp-block-uagb-forms uagb-forms__outer-wrap uagb-block-64b04035 uagb-forms__medium-btn uagb-forms-inline-field uagb-forms-button-desk-width-25 uagb-forms-column-gap-5 uagb-forms-button-mobile-width-100\"><form class=\"uagb-forms-main-form\" method=\"post\" autocomplete=\"on\" name=\"uagb-form-64b04035\">\n<div class=\"wp-block-uagb-forms-email uagb-forms-email-wrap uagb-forms-field-set uagb-block-3052844f uagb-forms-field-desk-width-66 uagb-forms-field-mobile-width-100\"><div class=\"uagb-forms-email-label required uagb-forms-input-label\" id=\"3052844f\">Email<\/div><input type=\"email\" class=\"uagb-forms-email-input uagb-forms-input\" placeholder=\"Correo electr\u00f3nico\" required name=\"3052844f\" autocomplete=\"email\"\/><\/div>\n<div class=\"uagb-forms-form-hidden-data\"><input type=\"hidden\" class=\"uagb_forms_form_label\" value=\"Spectra Form\"\/><input type=\"hidden\" class=\"uagb_forms_form_id\" value=\"uagb-form-64b04035\"\/><\/div><div class=\"uagb-form-reacaptcha-error-64b04035\"><\/div><div class=\"uagb-forms-main-submit-button-wrap wp-block-button\"><button class=\"uagb-forms-main-submit-button wp-block-button__link\"><div class=\"uagb-forms-main-submit-button-text\">Suscribirme<\/div><\/button><\/div><\/form><div class=\"uagb-forms-success-message-64b04035 uagb-forms-submit-message-hide\"><span>Tu correo ha sido guardado, espera nuestras novedades.<\/span><\/div><div class=\"uagb-forms-failed-message-64b04035 uagb-forms-submit-message-hide\"><span>Hay un error en el campo de correo, rev\u00edsalo por favor.<\/span><\/div><\/div>\n<\/div><\/div>\n<\/div><\/div>\n","protected":false},"excerpt":{"rendered":"<p>Nosotros Entra a la U con la academia Nivel A. En la Academia te damos las herramientas, el apoyo y los profes que necesitas para romperla en el examen de admisi\u00f3n. No importa si reci\u00e9n acabas el cole o ya est\u00e1s en modo repaso, aqu\u00ed te preparamos para que cumplas tu meta y te sientas [&hellip;]<\/p>\n","protected":false},"author":1,"featured_media":0,"parent":0,"menu_order":0,"comment_status":"closed","ping_status":"closed","template":"","meta":{"_uag_custom_page_level_css":"","site-sidebar-layout":"no-sidebar","site-content-layout":"plain-container","ast-site-content-layout":"normal-width-container","site-content-style":"unboxed","site-sidebar-style":"unboxed","ast-global-header-display":"","ast-banner-title-visibility":"","ast-main-header-display":"","ast-hfb-above-header-display":"","ast-hfb-below-header-display":"","ast-hfb-mobile-header-display":"","site-post-title":"disabled","ast-breadcrumbs-content":"","ast-featured-img":"disabled","footer-sml-layout":"https:\/\/wa.me\/51969423347?text=Vengo%20de%20la%20web%20de%20la%20academia%2C%20quisiera%20saber%20m%C3%A1s%20infomaci%C3%B3n%20de%20los%20horarios.","ast-disable-related-posts":"","theme-transparent-header-meta":"default","adv-header-id-meta":"","stick-header-meta":"","header-above-stick-meta":"","header-main-stick-meta":"","header-below-stick-meta":"","astra-migrate-meta-layouts":"set","ast-page-background-enabled":"default","ast-page-background-meta":{"desktop":{"background-color":"var(--ast-global-color-4)","background-image":"","background-repeat":"repeat","background-position":"center center","background-size":"auto","background-attachment":"scroll","background-type":"","background-media":"","overlay-type":"","overlay-color":"","overlay-opacity":"","overlay-gradient":""},"tablet":{"background-color":"","background-image":"","background-repeat":"repeat","background-position":"center center","background-size":"auto","background-attachment":"scroll","background-type":"","background-media":"","overlay-type":"","overlay-color":"","overlay-opacity":"","overlay-gradient":""},"mobile":{"background-color":"","background-image":"","background-repeat":"repeat","background-position":"center center","background-size":"auto","background-attachment":"scroll","background-type":"","background-media":"","overlay-type":"","overlay-color":"","overlay-opacity":"","overlay-gradient":""}},"ast-content-background-meta":{"desktop":{"background-color":"var(--ast-global-color-5)","background-image":"","background-repeat":"repeat","background-position":"center center","background-size":"auto","background-attachment":"scroll","background-type":"","background-media":"","overlay-type":"","overlay-color":"","overlay-opacity":"","overlay-gradient":""},"tablet":{"background-color":"var(--ast-global-color-5)","background-image":"","background-repeat":"repeat","background-position":"center center","background-size":"auto","background-attachment":"scroll","background-type":"","background-media":"","overlay-type":"","overlay-color":"","overlay-opacity":"","overlay-gradient":""},"mobile":{"background-color":"var(--ast-global-color-5)","background-image":"","background-repeat":"repeat","background-position":"center center","background-size":"auto","background-attachment":"scroll","background-type":"","background-media":"","overlay-type":"","overlay-color":"","overlay-opacity":"","overlay-gradient":""}},"footnotes":""},"class_list":["post-108","page","type-page","status-publish","hentry"],"yoast_head":"<!-- This site is optimized with the Yoast SEO plugin v27.2 - https:\/\/yoast.com\/product\/yoast-seo-wordpress\/ -->\n<title>Inicio - Academia Pre-universitaria Nivel A<\/title>\n<meta name=\"robots\" content=\"index, follow, max-snippet:-1, max-image-preview:large, max-video-preview:-1\" \/>\n<link rel=\"canonical\" href=\"https:\/\/nivela.edu.pe\/academia2\/\" \/>\n<meta property=\"og:locale\" content=\"es_ES\" \/>\n<meta property=\"og:type\" content=\"article\" \/>\n<meta property=\"og:title\" content=\"Inicio - Academia Pre-universitaria Nivel A\" \/>\n<meta property=\"og:description\" content=\"Nosotros Entra a la U con la academia Nivel A. En la Academia te damos las herramientas, el apoyo y los profes que necesitas para romperla en el examen de admisi\u00f3n. No importa si reci\u00e9n acabas el cole o ya est\u00e1s en modo repaso, aqu\u00ed te preparamos para que cumplas tu meta y te sientas [&hellip;]\" \/>\n<meta property=\"og:url\" content=\"https:\/\/nivela.edu.pe\/academia2\/\" \/>\n<meta property=\"og:site_name\" content=\"Academia Pre-universitaria Nivel A\" \/>\n<meta property=\"article:modified_time\" content=\"2025-06-11T15:14:15+00:00\" \/>\n<meta property=\"og:image\" content=\"https:\/\/nivela.edu.pe\/academia2\/wp-content\/uploads\/2025\/04\/WhatsApp-Image-2025-03-31-at-12.43.26_23240f12-1024x682.webp\" \/>\n<meta name=\"twitter:card\" content=\"summary_large_image\" \/>\n<meta name=\"twitter:label1\" content=\"Est. reading time\" \/>\n\t<meta name=\"twitter:data1\" content=\"2 minutos\" \/>\n<script type=\"application\/ld+json\" class=\"yoast-schema-graph\">{\"@context\":\"https:\/\/schema.org\",\"@graph\":[{\"@type\":\"WebPage\",\"@id\":\"https:\/\/nivela.edu.pe\/academia2\/\",\"url\":\"https:\/\/nivela.edu.pe\/academia2\/\",\"name\":\"Inicio - Academia Pre-universitaria Nivel A\",\"isPartOf\":{\"@id\":\"https:\/\/nivela.edu.pe\/academia\/#website\"},\"primaryImageOfPage\":{\"@id\":\"https:\/\/nivela.edu.pe\/academia2\/#primaryimage\"},\"image\":{\"@id\":\"https:\/\/nivela.edu.pe\/academia2\/#primaryimage\"},\"thumbnailUrl\":\"https:\/\/nivela.edu.pe\/academia2\/wp-content\/uploads\/2025\/04\/WhatsApp-Image-2025-03-31-at-12.43.26_23240f12-1024x682.webp\",\"datePublished\":\"2025-04-11T18:05:02+00:00\",\"dateModified\":\"2025-06-11T15:14:15+00:00\",\"breadcrumb\":{\"@id\":\"https:\/\/nivela.edu.pe\/academia2\/#breadcrumb\"},\"inLanguage\":\"es-PE\",\"potentialAction\":[{\"@type\":\"ReadAction\",\"target\":[\"https:\/\/nivela.edu.pe\/academia2\/\"]}]},{\"@type\":\"ImageObject\",\"inLanguage\":\"es-PE\",\"@id\":\"https:\/\/nivela.edu.pe\/academia2\/#primaryimage\",\"url\":\"https:\/\/nivela.edu.pe\/academia2\/wp-content\/uploads\/2025\/04\/WhatsApp-Image-2025-03-31-at-12.43.26_23240f12-1024x682.webp\",\"contentUrl\":\"https:\/\/nivela.edu.pe\/academia2\/wp-content\/uploads\/2025\/04\/WhatsApp-Image-2025-03-31-at-12.43.26_23240f12-1024x682.webp\"},{\"@type\":\"BreadcrumbList\",\"@id\":\"https:\/\/nivela.edu.pe\/academia2\/#breadcrumb\",\"itemListElement\":[{\"@type\":\"ListItem\",\"position\":1,\"name\":\"Home\",\"item\":\"https:\/\/nivela.edu.pe\/academia2\/\"},{\"@type\":\"ListItem\",\"position\":2,\"name\":\"Inicio\"}]},{\"@type\":\"WebSite\",\"@id\":\"https:\/\/nivela.edu.pe\/academia\/#website\",\"url\":\"https:\/\/nivela.edu.pe\/academia\/\",\"name\":\"Academia Pre-universitaria Nivel A\",\"description\":\"ayudando a estudiantes como t\u00fa a ingresar a las mejores universidades\",\"publisher\":{\"@id\":\"https:\/\/nivela.edu.pe\/academia\/#organization\"},\"potentialAction\":[{\"@type\":\"SearchAction\",\"target\":{\"@type\":\"EntryPoint\",\"urlTemplate\":\"https:\/\/nivela.edu.pe\/academia\/?s={search_term_string}\"},\"query-input\":{\"@type\":\"PropertyValueSpecification\",\"valueRequired\":true,\"valueName\":\"search_term_string\"}}],\"inLanguage\":\"es-PE\"},{\"@type\":\"Organization\",\"@id\":\"https:\/\/nivela.edu.pe\/academia\/#organization\",\"name\":\"Academia Pre-universitaria Nivel A\",\"url\":\"https:\/\/nivela.edu.pe\/academia\/\",\"logo\":{\"@type\":\"ImageObject\",\"inLanguage\":\"es-PE\",\"@id\":\"https:\/\/nivela.edu.pe\/academia\/#\/schema\/logo\/image\/\",\"url\":\"https:\/\/nivela.edu.pe\/academia2\/wp-content\/uploads\/2025\/04\/cropped-logo-academina-nivel-a-removebg-preview.webp\",\"contentUrl\":\"https:\/\/nivela.edu.pe\/academia2\/wp-content\/uploads\/2025\/04\/cropped-logo-academina-nivel-a-removebg-preview.webp\",\"width\":427,\"height\":124,\"caption\":\"Academia Pre-universitaria Nivel A\"},\"image\":{\"@id\":\"https:\/\/nivela.edu.pe\/academia\/#\/schema\/logo\/image\/\"}}]}<\/script>\n<!-- \/ Yoast SEO plugin. -->","yoast_head_json":{"title":"Inicio - Academia Pre-universitaria Nivel A","robots":{"index":"index","follow":"follow","max-snippet":"max-snippet:-1","max-image-preview":"max-image-preview:large","max-video-preview":"max-video-preview:-1"},"canonical":"https:\/\/nivela.edu.pe\/academia2\/","og_locale":"es_ES","og_type":"article","og_title":"Inicio - Academia Pre-universitaria Nivel A","og_description":"Nosotros Entra a la U con la academia Nivel A. En la Academia te damos las herramientas, el apoyo y los profes que necesitas para romperla en el examen de admisi\u00f3n. No importa si reci\u00e9n acabas el cole o ya est\u00e1s en modo repaso, aqu\u00ed te preparamos para que cumplas tu meta y te sientas [&hellip;]","og_url":"https:\/\/nivela.edu.pe\/academia2\/","og_site_name":"Academia Pre-universitaria Nivel A","article_modified_time":"2025-06-11T15:14:15+00:00","og_image":[{"url":"https:\/\/nivela.edu.pe\/academia2\/wp-content\/uploads\/2025\/04\/WhatsApp-Image-2025-03-31-at-12.43.26_23240f12-1024x682.webp","type":"","width":"","height":""}],"twitter_card":"summary_large_image","twitter_misc":{"Est. reading time":"2 minutos"},"schema":{"@context":"https:\/\/schema.org","@graph":[{"@type":"WebPage","@id":"https:\/\/nivela.edu.pe\/academia2\/","url":"https:\/\/nivela.edu.pe\/academia2\/","name":"Inicio - Academia Pre-universitaria Nivel A","isPartOf":{"@id":"https:\/\/nivela.edu.pe\/academia\/#website"},"primaryImageOfPage":{"@id":"https:\/\/nivela.edu.pe\/academia2\/#primaryimage"},"image":{"@id":"https:\/\/nivela.edu.pe\/academia2\/#primaryimage"},"thumbnailUrl":"https:\/\/nivela.edu.pe\/academia2\/wp-content\/uploads\/2025\/04\/WhatsApp-Image-2025-03-31-at-12.43.26_23240f12-1024x682.webp","datePublished":"2025-04-11T18:05:02+00:00","dateModified":"2025-06-11T15:14:15+00:00","breadcrumb":{"@id":"https:\/\/nivela.edu.pe\/academia2\/#breadcrumb"},"inLanguage":"es-PE","potentialAction":[{"@type":"ReadAction","target":["https:\/\/nivela.edu.pe\/academia2\/"]}]},{"@type":"ImageObject","inLanguage":"es-PE","@id":"https:\/\/nivela.edu.pe\/academia2\/#primaryimage","url":"https:\/\/nivela.edu.pe\/academia2\/wp-content\/uploads\/2025\/04\/WhatsApp-Image-2025-03-31-at-12.43.26_23240f12-1024x682.webp","contentUrl":"https:\/\/nivela.edu.pe\/academia2\/wp-content\/uploads\/2025\/04\/WhatsApp-Image-2025-03-31-at-12.43.26_23240f12-1024x682.webp"},{"@type":"BreadcrumbList","@id":"https:\/\/nivela.edu.pe\/academia2\/#breadcrumb","itemListElement":[{"@type":"ListItem","position":1,"name":"Home","item":"https:\/\/nivela.edu.pe\/academia2\/"},{"@type":"ListItem","position":2,"name":"Inicio"}]},{"@type":"WebSite","@id":"https:\/\/nivela.edu.pe\/academia\/#website","url":"https:\/\/nivela.edu.pe\/academia\/","name":"Academia Pre-universitaria Nivel A","description":"ayudando a estudiantes como t\u00fa a ingresar a las mejores universidades","publisher":{"@id":"https:\/\/nivela.edu.pe\/academia\/#organization"},"potentialAction":[{"@type":"SearchAction","target":{"@type":"EntryPoint","urlTemplate":"https:\/\/nivela.edu.pe\/academia\/?s={search_term_string}"},"query-input":{"@type":"PropertyValueSpecification","valueRequired":true,"valueName":"search_term_string"}}],"inLanguage":"es-PE"},{"@type":"Organization","@id":"https:\/\/nivela.edu.pe\/academia\/#organization","name":"Academia Pre-universitaria Nivel A","url":"https:\/\/nivela.edu.pe\/academia\/","logo":{"@type":"ImageObject","inLanguage":"es-PE","@id":"https:\/\/nivela.edu.pe\/academia\/#\/schema\/logo\/image\/","url":"https:\/\/nivela.edu.pe\/academia2\/wp-content\/uploads\/2025\/04\/cropped-logo-academina-nivel-a-removebg-preview.webp","contentUrl":"https:\/\/nivela.edu.pe\/academia2\/wp-content\/uploads\/2025\/04\/cropped-logo-academina-nivel-a-removebg-preview.webp","width":427,"height":124,"caption":"Academia Pre-universitaria Nivel A"},"image":{"@id":"https:\/\/nivela.edu.pe\/academia\/#\/schema\/logo\/image\/"}}]}},"uagb_featured_image_src":{"full":false,"thumbnail":false,"medium":false,"medium_large":false,"large":false,"1536x1536":false,"2048x2048":false},"uagb_author_info":{"display_name":"ayu.web","author_link":"https:\/\/nivela.edu.pe\/academia2\/author\/ayu-web\/"},"uagb_comment_info":0,"uagb_excerpt":"Nosotros Entra a la U con la academia Nivel A. En la Academia te damos las herramientas, el apoyo y los profes que necesitas para romperla en el examen de admisi\u00f3n. No importa si reci\u00e9n acabas el cole o ya est\u00e1s en modo repaso, aqu\u00ed te preparamos para que cumplas tu meta y te sientas&hellip;","_links":{"self":[{"href":"https:\/\/nivela.edu.pe\/academia2\/wp-json\/wp\/v2\/pages\/108","targetHints":{"allow":["GET"]}}],"collection":[{"href":"https:\/\/nivela.edu.pe\/academia2\/wp-json\/wp\/v2\/pages"}],"about":[{"href":"https:\/\/nivela.edu.pe\/academia2\/wp-json\/wp\/v2\/types\/page"}],"author":[{"embeddable":true,"href":"https:\/\/nivela.edu.pe\/academia2\/wp-json\/wp\/v2\/users\/1"}],"replies":[{"embeddable":true,"href":"https:\/\/nivela.edu.pe\/academia2\/wp-json\/wp\/v2\/comments?post=108"}],"version-history":[{"count":38,"href":"https:\/\/nivela.edu.pe\/academia2\/wp-json\/wp\/v2\/pages\/108\/revisions"}],"predecessor-version":[{"id":1016,"href":"https:\/\/nivela.edu.pe\/academia2\/wp-json\/wp\/v2\/pages\/108\/revisions\/1016"}],"wp:attachment":[{"href":"https:\/\/nivela.edu.pe\/academia2\/wp-json\/wp\/v2\/media?parent=108"}],"curies":[{"name":"wp","href":"https:\/\/api.w.org\/{rel}","templated":true}]}}